{"id":25,"date":"2025-07-14T20:39:32","date_gmt":"2025-07-14T18:39:32","guid":{"rendered":"https:\/\/warzywanahubach.pl\/?page_id=25"},"modified":"2025-08-08T12:23:16","modified_gmt":"2025-08-08T10:23:16","slug":"kontakt","status":"publish","type":"page","link":"https:\/\/warzywanahubach.pl\/index.php\/kontakt\/","title":{"rendered":"Kontakt"},"content":{"rendered":"\t\t<div data-elementor-type=\"wp-page\" data-elementor-id=\"25\" class=\"elementor elementor-25\">\n\t\t\t\t<div class=\"elementor-element elementor-element-d3dc064 e-grid e-con-boxed e-con e-parent\" data-id=\"d3dc064\" data-element_type=\"container\" data-e-type=\"container\">\n\t\t\t\t\t<div class=\"e-con-inner\">\n\t\t\t\t<div class=\"elementor-element elementor-element-3473eb3 elementor-widget elementor-widget-html\" data-id=\"3473eb3\" data-element_type=\"widget\" data-e-type=\"widget\" data-widget_type=\"html.default\">\n\t\t\t\t\t<div style=\"background-color: #f5f5f5; padding: 30px; border-radius: 12px; text-align: center; font-family: 'Arial', sans-serif;\">\r\n  <h2 style=\"color: #2ecc71; margin-bottom: 20px;\">Skontaktuj si\u0119 z nami<\/h2>\r\n  \r\n  <p style=\"font-size: 18px; margin: 10px 0;\">\r\n    \ud83d\udce7 <a href=\"mailto:warzywanahubach@gmail.com\" style=\"color: #333; text-decoration: none;\">warzywanahubach@gmail.com<\/a>\r\n  <\/p>\r\n\r\n  <p style=\"font-size: 18px; margin: 10px 0;\">\r\n    \r\n  <\/p>\r\n\r\n  <div style=\"margin-top: 20px;\">\r\n    <a href=\"https:\/\/www.facebook.com\/share\/16QTJmdyRG\/\" target=\"_blank\" style=\"margin: 0 10px; display: inline-block;\">\r\n      <img decoding=\"async\" src=\"https:\/\/cdn-icons-png.flaticon.com\/512\/733\/733547.png\" alt=\"Facebook\" style=\"width: 32px; height: 32px;\">\r\n    <\/a>\r\n    <a href=\"https:\/\/www.instagram.com\/warzywanahubach?igsh=eW5vYml5NjdkcG50\" target=\"_blank\" style=\"margin: 0 10px; display: inline-block;\">\r\n      <img decoding=\"async\" src=\"https:\/\/cdn-icons-png.flaticon.com\/512\/2111\/2111463.png\" alt=\"Instagram\" style=\"width: 32px; height: 32px;\">\r\n    <\/a>\r\n  <\/div>\r\n<\/div>\r\n\t\t\t\t<\/div>\n\t\t\t\t<div class=\"elementor-element elementor-element-cabe13e elementor-widget elementor-widget-html\" data-id=\"cabe13e\" data-element_type=\"widget\" data-e-type=\"widget\" data-widget_type=\"html.default\">\n\t\t\t\t\t<div style=\"max-width: 600px; margin: 0 auto; background-color: #f7f7f7; padding: 40px 30px; border-radius: 12px; box-shadow: 0 4px 15px rgba(0,0,0,0.1); font-family: 'Arial', sans-serif;\">\r\n  <h2 style=\"text-align: center; color: #2ecc71; margin-bottom: 25px;\">Skontaktuj si\u0119 z nami<\/h2>\r\n  <p style=\"text-align: center; font-size: 16px; color: #555; margin-bottom: 30px;\">\r\n    Masz pytania dotycz\u0105ce zam\u00f3wienia lub dost\u0119pno\u015bci warzyw? Wype\u0142nij formularz, a odezwiemy si\u0119 jak najszybciej!\r\n  <\/p>\r\n\r\n  \n<div class=\"wpcf7 no-js\" id=\"wpcf7-f141-o1\" lang=\"pl-PL\" dir=\"ltr\" data-wpcf7-id=\"141\">\n<div class=\"screen-reader-response\"><p role=\"status\" aria-live=\"polite\" aria-atomic=\"true\"><\/p> <ul><\/ul><\/div>\n<form action=\"\/index.php\/wp-json\/wp\/v2\/pages\/25#wpcf7-f141-o1\" method=\"post\" class=\"wpcf7-form init\" aria-label=\"Formularz kontaktowy\" novalidate=\"novalidate\" data-status=\"init\">\n<fieldset class=\"hidden-fields-container\"><input type=\"hidden\" name=\"_wpcf7\" value=\"141\" \/><input type=\"hidden\" name=\"_wpcf7_version\" value=\"6.1.5\" \/><input type=\"hidden\" name=\"_wpcf7_locale\" value=\"pl_PL\" \/><input type=\"hidden\" name=\"_wpcf7_unit_tag\" value=\"wpcf7-f141-o1\" \/><input type=\"hidden\" name=\"_wpcf7_container_post\" value=\"0\" \/><input type=\"hidden\" name=\"_wpcf7_posted_data_hash\" value=\"\" \/>\n<\/fieldset>\n<p><label> Twoje imi\u0119 i nazwisko<br \/>\n<span class=\"wpcf7-form-control-wrap\" data-name=\"your-name\"><input size=\"40\" maxlength=\"400\" class=\"wpcf7-form-control wpcf7-text wpcf7-validates-as-required\" autocomplete=\"name\" aria-required=\"true\" aria-invalid=\"false\" value=\"\" type=\"text\" name=\"your-name\" \/><\/span> <\/label>\n<\/p>\n<p><label> Tw\u00f3j adres e-mail<br \/>\n<span class=\"wpcf7-form-control-wrap\" data-name=\"your-email\"><input size=\"40\" maxlength=\"400\" class=\"wpcf7-form-control wpcf7-email wpcf7-validates-as-required wpcf7-text wpcf7-validates-as-email\" autocomplete=\"email\" aria-required=\"true\" aria-invalid=\"false\" value=\"\" type=\"email\" name=\"your-email\" \/><\/span> <\/label>\n<\/p>\n<p><label> Temat<br \/>\n<span class=\"wpcf7-form-control-wrap\" data-name=\"your-subject\"><input size=\"40\" maxlength=\"400\" class=\"wpcf7-form-control wpcf7-text wpcf7-validates-as-required\" aria-required=\"true\" aria-invalid=\"false\" value=\"\" type=\"text\" name=\"your-subject\" \/><\/span> <\/label>\n<\/p>\n<p><label> Twoja wiadomo\u015bci (opcjonalne)<br \/>\n<span class=\"wpcf7-form-control-wrap\" data-name=\"your-message\"><textarea cols=\"40\" rows=\"10\" maxlength=\"2000\" class=\"wpcf7-form-control wpcf7-textarea\" aria-invalid=\"false\" name=\"your-message\"><\/textarea><\/span> <\/label>\n<\/p>\n<p><input class=\"wpcf7-form-control wpcf7-submit has-spinner\" type=\"submit\" value=\"Wy\u015blij\" \/>\n<\/p><div class=\"wpcf7-response-output\" aria-hidden=\"true\"><\/div>\n<\/form>\n<\/div>\n\r\n<\/div>\r\n\t\t\t\t<\/div>\n\t\t\t\t\t<\/div>\n\t\t\t\t<\/div>\n\t\t<div class=\"elementor-element elementor-element-73d1dab e-flex e-con-boxed e-con e-parent\" data-id=\"73d1dab\" data-element_type=\"container\" data-e-type=\"container\">\n\t\t\t\t\t<div class=\"e-con-inner\">\n\t\t\t\t\t<\/div>\n\t\t\t\t<\/div>\n\t\t<div class=\"elementor-element elementor-element-644cfc3 e-flex e-con-boxed e-con e-parent\" data-id=\"644cfc3\" data-element_type=\"container\" data-e-type=\"container\">\n\t\t\t\t\t<div class=\"e-con-inner\">\n\t\t\t\t\t<\/div>\n\t\t\t\t<\/div>\n\t\t\t\t<\/div>\n\t\t","protected":false},"excerpt":{"rendered":"<p>Skontaktuj si\u0119 z nami \ud83d\udce7 warzywanahubach@gmail.com Skontaktuj si\u0119 z nami Masz pytania dotycz\u0105ce zam\u00f3wienia lub dost\u0119pno\u015bci warzyw? Wype\u0142nij formularz, a [&hellip;]<\/p>\n","protected":false},"author":1,"featured_media":0,"parent":0,"menu_order":0,"comment_status":"closed","ping_status":"closed","template":"","meta":{"_acf_changed":false,"site-sidebar-layout":"no-sidebar","site-content-layout":"","ast-site-content-layout":"full-width-container","site-content-style":"default","site-sidebar-style":"default","ast-global-header-display":"","ast-banner-title-visibility":"","ast-main-header-display":"","ast-hfb-above-header-display":"","ast-hfb-below-header-display":"","ast-hfb-mobile-header-display":"","site-post-title":"disabled","ast-breadcrumbs-content":"","ast-featured-img":"disabled","footer-sml-layout":"","ast-disable-related-posts":"","theme-transparent-header-meta":"","adv-header-id-meta":"","stick-header-meta":"","header-above-stick-meta":"","header-main-stick-meta":"","header-below-stick-meta":"","astra-migrate-meta-layouts":"default","ast-page-background-enabled":"default","ast-page-background-meta":{"desktop":{"background-color":"var(--ast-global-color-5)","background-image":"","background-repeat":"repeat","background-position":"center center","background-size":"auto","background-attachment":"scroll","background-type":"","background-media":"","overlay-type":"","overlay-color":"","overlay-opacity":"","overlay-gradient":""},"tablet":{"background-color":"","background-image":"","background-repeat":"repeat","background-position":"center center","background-size":"auto","background-attachment":"scroll","background-type":"","background-media":"","overlay-type":"","overlay-color":"","overlay-opacity":"","overlay-gradient":""},"mobile":{"background-color":"","background-image":"","background-repeat":"repeat","background-position":"center center","background-size":"auto","background-attachment":"scroll","background-type":"","background-media":"","overlay-type":"","overlay-color":"","overlay-opacity":"","overlay-gradient":""}},"ast-content-background-meta":{"desktop":{"background-color":"var(--ast-global-color-4)","background-image":"","background-repeat":"repeat","background-position":"center center","background-size":"auto","background-attachment":"scroll","background-type":"","background-media":"","overlay-type":"","overlay-color":"","overlay-opacity":"","overlay-gradient":""},"tablet":{"background-color":"var(--ast-global-color-4)","background-image":"","background-repeat":"repeat","background-position":"center center","background-size":"auto","background-attachment":"scroll","background-type":"","background-media":"","overlay-type":"","overlay-color":"","overlay-opacity":"","overlay-gradient":""},"mobile":{"background-color":"var(--ast-global-color-4)","background-image":"","background-repeat":"repeat","background-position":"center center","background-size":"auto","background-attachment":"scroll","background-type":"","background-media":"","overlay-type":"","overlay-color":"","overlay-opacity":"","overlay-gradient":""}},"footnotes":""},"class_list":["post-25","page","type-page","status-publish","hentry"],"acf":[],"yoast_head":"<!-- This site is optimized with the Yoast SEO plugin v27.0 - https:\/\/yoast.com\/product\/yoast-seo-wordpress\/ -->\n<title>Kontakt - Warzywa na Hubach<\/title>\n<meta name=\"robots\" content=\"index, follow, max-snippet:-1, max-image-preview:large, max-video-preview:-1\" \/>\n<link rel=\"canonical\" href=\"https:\/\/warzywanahubach.pl\/index.php\/kontakt\/\" \/>\n<meta property=\"og:locale\" content=\"pl_PL\" \/>\n<meta property=\"og:type\" content=\"article\" \/>\n<meta property=\"og:title\" content=\"Kontakt - Warzywa na Hubach\" \/>\n<meta property=\"og:description\" content=\"Skontaktuj si\u0119 z nami \ud83d\udce7 warzywanahubach@gmail.com Skontaktuj si\u0119 z nami Masz pytania dotycz\u0105ce zam\u00f3wienia lub dost\u0119pno\u015bci warzyw? Wype\u0142nij formularz, a [&hellip;]\" \/>\n<meta property=\"og:url\" content=\"https:\/\/warzywanahubach.pl\/index.php\/kontakt\/\" \/>\n<meta property=\"og:site_name\" content=\"Warzywa na Hubach\" \/>\n<meta property=\"article:publisher\" content=\"https:\/\/www.facebook.com\/warzywanahubach?rdid=wJMA94WPZWEBOIw8&amp;share_url=httpswww.facebook.comshare16QTJmdyRG#\" \/>\n<meta property=\"article:modified_time\" content=\"2025-08-08T10:23:16+00:00\" \/>\n<meta property=\"og:image\" content=\"https:\/\/cdn-icons-png.flaticon.com\/512\/733\/733547.png\" \/>\n<meta name=\"twitter:card\" content=\"summary_large_image\" \/>\n<meta name=\"twitter:label1\" content=\"Szacowany czas czytania\" \/>\n\t<meta name=\"twitter:data1\" content=\"1 minuta\" \/>\n<script type=\"application\/ld+json\" class=\"yoast-schema-graph\">{\"@context\":\"https:\/\/schema.org\",\"@graph\":[{\"@type\":\"WebPage\",\"@id\":\"https:\/\/warzywanahubach.pl\/index.php\/kontakt\/\",\"url\":\"https:\/\/warzywanahubach.pl\/index.php\/kontakt\/\",\"name\":\"Kontakt - Warzywa na Hubach\",\"isPartOf\":{\"@id\":\"https:\/\/warzywanahubach.pl\/#website\"},\"primaryImageOfPage\":{\"@id\":\"https:\/\/warzywanahubach.pl\/index.php\/kontakt\/#primaryimage\"},\"image\":{\"@id\":\"https:\/\/warzywanahubach.pl\/index.php\/kontakt\/#primaryimage\"},\"thumbnailUrl\":\"https:\/\/cdn-icons-png.flaticon.com\/512\/733\/733547.png\",\"datePublished\":\"2025-07-14T18:39:32+00:00\",\"dateModified\":\"2025-08-08T10:23:16+00:00\",\"breadcrumb\":{\"@id\":\"https:\/\/warzywanahubach.pl\/index.php\/kontakt\/#breadcrumb\"},\"inLanguage\":\"pl-PL\",\"potentialAction\":[{\"@type\":\"ReadAction\",\"target\":[\"https:\/\/warzywanahubach.pl\/index.php\/kontakt\/\"]}]},{\"@type\":\"ImageObject\",\"inLanguage\":\"pl-PL\",\"@id\":\"https:\/\/warzywanahubach.pl\/index.php\/kontakt\/#primaryimage\",\"url\":\"https:\/\/cdn-icons-png.flaticon.com\/512\/733\/733547.png\",\"contentUrl\":\"https:\/\/cdn-icons-png.flaticon.com\/512\/733\/733547.png\"},{\"@type\":\"BreadcrumbList\",\"@id\":\"https:\/\/warzywanahubach.pl\/index.php\/kontakt\/#breadcrumb\",\"itemListElement\":[{\"@type\":\"ListItem\",\"position\":1,\"name\":\"Strona g\u0142\u00f3wna\",\"item\":\"https:\/\/warzywanahubach.pl\/\"},{\"@type\":\"ListItem\",\"position\":2,\"name\":\"Kontakt\"}]},{\"@type\":\"WebSite\",\"@id\":\"https:\/\/warzywanahubach.pl\/#website\",\"url\":\"https:\/\/warzywanahubach.pl\/\",\"name\":\"Warzywa na Hubach\",\"description\":\"\",\"publisher\":{\"@id\":\"https:\/\/warzywanahubach.pl\/#organization\"},\"potentialAction\":[{\"@type\":\"SearchAction\",\"target\":{\"@type\":\"EntryPoint\",\"urlTemplate\":\"https:\/\/warzywanahubach.pl\/?s={search_term_string}\"},\"query-input\":{\"@type\":\"PropertyValueSpecification\",\"valueRequired\":true,\"valueName\":\"search_term_string\"}}],\"inLanguage\":\"pl-PL\"},{\"@type\":\"Organization\",\"@id\":\"https:\/\/warzywanahubach.pl\/#organization\",\"name\":\"Warzywa na Hubach\",\"url\":\"https:\/\/warzywanahubach.pl\/\",\"logo\":{\"@type\":\"ImageObject\",\"inLanguage\":\"pl-PL\",\"@id\":\"https:\/\/warzywanahubach.pl\/#\/schema\/logo\/image\/\",\"url\":\"https:\/\/warzywanahubach.pl\/wp-content\/uploads\/2025\/07\/cropped-logo_transparent-removebg-preview.png\",\"contentUrl\":\"https:\/\/warzywanahubach.pl\/wp-content\/uploads\/2025\/07\/cropped-logo_transparent-removebg-preview.png\",\"width\":405,\"height\":424,\"caption\":\"Warzywa na Hubach\"},\"image\":{\"@id\":\"https:\/\/warzywanahubach.pl\/#\/schema\/logo\/image\/\"},\"sameAs\":[\"https:\/\/www.facebook.com\/warzywanahubach?rdid=wJMA94WPZWEBOIw8&share_url=httpswww.facebook.comshare16QTJmdyRG#\",\"https:\/\/www.instagram.com\/warzywanahubach\/?igsh=eW5vYml5NjdkcG50#\"]}]}<\/script>\n<!-- \/ Yoast SEO plugin. -->","yoast_head_json":{"title":"Kontakt - Warzywa na Hubach","robots":{"index":"index","follow":"follow","max-snippet":"max-snippet:-1","max-image-preview":"max-image-preview:large","max-video-preview":"max-video-preview:-1"},"canonical":"https:\/\/warzywanahubach.pl\/index.php\/kontakt\/","og_locale":"pl_PL","og_type":"article","og_title":"Kontakt - Warzywa na Hubach","og_description":"Skontaktuj si\u0119 z nami \ud83d\udce7 warzywanahubach@gmail.com Skontaktuj si\u0119 z nami Masz pytania dotycz\u0105ce zam\u00f3wienia lub dost\u0119pno\u015bci warzyw? Wype\u0142nij formularz, a [&hellip;]","og_url":"https:\/\/warzywanahubach.pl\/index.php\/kontakt\/","og_site_name":"Warzywa na Hubach","article_publisher":"https:\/\/www.facebook.com\/warzywanahubach?rdid=wJMA94WPZWEBOIw8&share_url=httpswww.facebook.comshare16QTJmdyRG#","article_modified_time":"2025-08-08T10:23:16+00:00","og_image":[{"url":"https:\/\/cdn-icons-png.flaticon.com\/512\/733\/733547.png","type":"","width":"","height":""}],"twitter_card":"summary_large_image","twitter_misc":{"Szacowany czas czytania":"1 minuta"},"schema":{"@context":"https:\/\/schema.org","@graph":[{"@type":"WebPage","@id":"https:\/\/warzywanahubach.pl\/index.php\/kontakt\/","url":"https:\/\/warzywanahubach.pl\/index.php\/kontakt\/","name":"Kontakt - Warzywa na Hubach","isPartOf":{"@id":"https:\/\/warzywanahubach.pl\/#website"},"primaryImageOfPage":{"@id":"https:\/\/warzywanahubach.pl\/index.php\/kontakt\/#primaryimage"},"image":{"@id":"https:\/\/warzywanahubach.pl\/index.php\/kontakt\/#primaryimage"},"thumbnailUrl":"https:\/\/cdn-icons-png.flaticon.com\/512\/733\/733547.png","datePublished":"2025-07-14T18:39:32+00:00","dateModified":"2025-08-08T10:23:16+00:00","breadcrumb":{"@id":"https:\/\/warzywanahubach.pl\/index.php\/kontakt\/#breadcrumb"},"inLanguage":"pl-PL","potentialAction":[{"@type":"ReadAction","target":["https:\/\/warzywanahubach.pl\/index.php\/kontakt\/"]}]},{"@type":"ImageObject","inLanguage":"pl-PL","@id":"https:\/\/warzywanahubach.pl\/index.php\/kontakt\/#primaryimage","url":"https:\/\/cdn-icons-png.flaticon.com\/512\/733\/733547.png","contentUrl":"https:\/\/cdn-icons-png.flaticon.com\/512\/733\/733547.png"},{"@type":"BreadcrumbList","@id":"https:\/\/warzywanahubach.pl\/index.php\/kontakt\/#breadcrumb","itemListElement":[{"@type":"ListItem","position":1,"name":"Strona g\u0142\u00f3wna","item":"https:\/\/warzywanahubach.pl\/"},{"@type":"ListItem","position":2,"name":"Kontakt"}]},{"@type":"WebSite","@id":"https:\/\/warzywanahubach.pl\/#website","url":"https:\/\/warzywanahubach.pl\/","name":"Warzywa na Hubach","description":"","publisher":{"@id":"https:\/\/warzywanahubach.pl\/#organization"},"potentialAction":[{"@type":"SearchAction","target":{"@type":"EntryPoint","urlTemplate":"https:\/\/warzywanahubach.pl\/?s={search_term_string}"},"query-input":{"@type":"PropertyValueSpecification","valueRequired":true,"valueName":"search_term_string"}}],"inLanguage":"pl-PL"},{"@type":"Organization","@id":"https:\/\/warzywanahubach.pl\/#organization","name":"Warzywa na Hubach","url":"https:\/\/warzywanahubach.pl\/","logo":{"@type":"ImageObject","inLanguage":"pl-PL","@id":"https:\/\/warzywanahubach.pl\/#\/schema\/logo\/image\/","url":"https:\/\/warzywanahubach.pl\/wp-content\/uploads\/2025\/07\/cropped-logo_transparent-removebg-preview.png","contentUrl":"https:\/\/warzywanahubach.pl\/wp-content\/uploads\/2025\/07\/cropped-logo_transparent-removebg-preview.png","width":405,"height":424,"caption":"Warzywa na Hubach"},"image":{"@id":"https:\/\/warzywanahubach.pl\/#\/schema\/logo\/image\/"},"sameAs":["https:\/\/www.facebook.com\/warzywanahubach?rdid=wJMA94WPZWEBOIw8&share_url=httpswww.facebook.comshare16QTJmdyRG#","https:\/\/www.instagram.com\/warzywanahubach\/?igsh=eW5vYml5NjdkcG50#"]}]}},"_links":{"self":[{"href":"https:\/\/warzywanahubach.pl\/index.php\/wp-json\/wp\/v2\/pages\/25","targetHints":{"allow":["GET"]}}],"collection":[{"href":"https:\/\/warzywanahubach.pl\/index.php\/wp-json\/wp\/v2\/pages"}],"about":[{"href":"https:\/\/warzywanahubach.pl\/index.php\/wp-json\/wp\/v2\/types\/page"}],"author":[{"embeddable":true,"href":"https:\/\/warzywanahubach.pl\/index.php\/wp-json\/wp\/v2\/users\/1"}],"replies":[{"embeddable":true,"href":"https:\/\/warzywanahubach.pl\/index.php\/wp-json\/wp\/v2\/comments?post=25"}],"version-history":[{"count":19,"href":"https:\/\/warzywanahubach.pl\/index.php\/wp-json\/wp\/v2\/pages\/25\/revisions"}],"predecessor-version":[{"id":381,"href":"https:\/\/warzywanahubach.pl\/index.php\/wp-json\/wp\/v2\/pages\/25\/revisions\/381"}],"wp:attachment":[{"href":"https:\/\/warzywanahubach.pl\/index.php\/wp-json\/wp\/v2\/media?parent=25"}],"curies":[{"name":"wp","href":"https:\/\/api.w.org\/{rel}","templated":true}]}}